{"id":79,"date":"2021-04-29T14:28:30","date_gmt":"2021-04-29T14:28:30","guid":{"rendered":"https:\/\/webinar.mobilnirozhlas.cz\/?page_id=79"},"modified":"2022-03-03T08:39:48","modified_gmt":"2022-03-03T08:39:48","slug":"webinar","status":"publish","type":"page","link":"https:\/\/webinar.mobilnirozhlas.cz\/","title":{"rendered":"WEBIN\u00c1\u0158 MOBILN\u00cdHO ROZHLASU"},"content":{"rendered":"\t\t<div data-elementor-type=\"wp-page\" data-elementor-id=\"79\" class=\"elementor elementor-79\" data-elementor-settings=\"[]\">\n\t\t\t\t\t\t\t<div class=\"elementor-section-wrap\">\n\t\t\t\t\t\t\t<section class=\"elementor-section elementor-top-section elementor-element elementor-element-6090954e elementor-section-boxed elementor-section-height-default elementor-section-height-default\" data-id=\"6090954e\" data-element_type=\"section\" data-settings=\"{&quot;background_background&quot;:&quot;classic&quot;}\">\n\t\t\t\t\t\t\t<div class=\"elementor-background-overlay\"><\/div>\n\t\t\t\t\t\t\t<div class=\"elementor-container elementor-column-gap-default\">\n\t\t\t\t\t<div class=\"elementor-column elementor-col-100 elementor-top-column elementor-element elementor-element-1379bdd8\" data-id=\"1379bdd8\" data-element_type=\"column\" data-settings=\"{&quot;background_background&quot;:&quot;classic&quot;}\">\n\t\t\t<div class=\"elementor-widget-wrap elementor-element-populated\">\n\t\t\t\t\t\t\t\t<div class=\"elementor-element elementor-element-1b1a8d9c elementor-widget elementor-widget-heading\" data-id=\"1b1a8d9c\" data-element_type=\"widget\" data-widget_type=\"heading.default\">\n\t\t\t\t<div class=\"elementor-widget-container\">\n\t\t\t<h2 class=\"elementor-heading-title elementor-size-default\">Webin\u00e1\u0159 Mobiln\u00edho Rozhlasu<\/h2>\t\t<\/div>\n\t\t\t\t<\/div>\n\t\t\t\t<div class=\"elementor-element elementor-element-5f49298d elementor-widget elementor-widget-text-editor\" data-id=\"5f49298d\" data-element_type=\"widget\" data-widget_type=\"text-editor.default\">\n\t\t\t\t<div class=\"elementor-widget-container\">\n\t\t\t\t\t\t\t\t<div class=\"c-message_kit__gutter__left\"><div><strong><span style=\"font-size: 1rem;\">T\u00e9ma:<\/span><\/strong><\/div><p><strong><span style=\"font-size: 1rem;\">Mobiln\u00ed Rozhlas se m\u011bn\u00ed na MUNIPOLIS<\/span><\/strong><\/p><div><strong><span style=\"font-size: 1rem;\">Term\u00edn: \u010ctvrtek 10. b\u0159ezna od 10:00<\/span><\/strong><\/div><div>\u00a0<\/div><\/div><div>\u00a0<\/div><div class=\"c-message_kit__gutter__left\"><div class=\"p-message_pane_message__compact_timestamp p-message_pane_message__compact_timestamp--light p-message_pane_message__compact_timestamp--adjacent\"><h4><strong><span style=\"font-size: 1rem;\">Pro p\u0159ihl\u00e1\u0161en\u00ed\u00a0 a bezplatnou \u00fa\u010dast vypl\u0148te n\u00e1sleduj\u00edc\u00ed \u00fadaje:<br \/><\/span><\/strong><\/h4><\/div><\/div>\t\t\t\t\t\t<\/div>\n\t\t\t\t<\/div>\n\t\t\t\t<div class=\"elementor-element elementor-element-cc77485 elementor-widget elementor-widget-wpforms\" data-id=\"cc77485\" data-element_type=\"widget\" data-widget_type=\"wpforms.default\">\n\t\t\t\t<div class=\"elementor-widget-container\">\n\t\t\t<div class=\"wpforms-container wpforms-container-full\" id=\"wpforms-8\"><form id=\"wpforms-form-8\" class=\"wpforms-validate wpforms-form\" data-formid=\"8\" method=\"post\" enctype=\"multipart\/form-data\" action=\"\/index.php?rest_route=%2Fwp%2Fv2%2Fpages%2F79\" data-token=\"6e44f46525b9515c03a8ccce59d0cdcd\"><noscript class=\"wpforms-error-noscript\">Chcete-li vyplnit tento formul\u00e1\u0159, pros\u00edm povolte v prohl\u00ed\u017ee\u010di JavaScript.<\/noscript><div class=\"wpforms-field-container\"><div id=\"wpforms-8-field_0-container\" class=\"wpforms-field wpforms-field-name\" data-field-id=\"0\"><label class=\"wpforms-field-label\" for=\"wpforms-8-field_0\">I\u010cO Samospr\u00e1vy<\/label><input type=\"text\" id=\"wpforms-8-field_0\" class=\"wpforms-field-medium\" name=\"wpforms[fields][0]\" ><div class=\"wpforms-field-description\">Vypl\u0148te pros\u00edm I\u010cO Va\u0161\u00ed samospr\u00e1vy.<\/div><\/div><div id=\"wpforms-8-field_1-container\" class=\"wpforms-field wpforms-field-email\" data-field-id=\"1\"><label class=\"wpforms-field-label\" for=\"wpforms-8-field_1\">E-mail <span class=\"wpforms-required-label\">*<\/span><\/label><input type=\"email\" id=\"wpforms-8-field_1\" class=\"wpforms-field-medium wpforms-field-required\" name=\"wpforms[fields][1]\" required><div class=\"wpforms-field-description\">Vypl\u0148te pros\u00edm V\u00e1\u0161 e-mail. <\/div><\/div><\/div><div class=\"wpforms-submit-container\" ><input type=\"hidden\" name=\"wpforms[id]\" value=\"8\"><input type=\"hidden\" name=\"wpforms[author]\" value=\"1\"><button type=\"submit\" name=\"wpforms[submit]\" class=\"wpforms-submit \" id=\"wpforms-submit-8\" value=\"wpforms-submit\" aria-live=\"assertive\" data-alt-text=\"Odes\u00edl\u00e1ni...\" data-submit-text=\"Odeslat p\u0159ihl\u00e1\u0161ku\">Odeslat p\u0159ihl\u00e1\u0161ku<\/button><\/div><\/form><\/div>  <!-- .wpforms-container -->\t\t<\/div>\n\t\t\t\t<\/div>\n\t\t\t\t\t<\/div>\n\t\t<\/div>\n\t\t\t\t\t\t\t<\/div>\n\t\t<\/section>\n\t\t\t\t<section class=\"elementor-section elementor-top-section elementor-element elementor-element-605554f4 elementor-section-boxed elementor-section-height-default elementor-section-height-default\" data-id=\"605554f4\" data-element_type=\"section\" data-settings=\"{&quot;background_background&quot;:&quot;classic&quot;}\">\n\t\t\t\t\t\t<div class=\"elementor-container elementor-column-gap-default\">\n\t\t\t\t\t<div class=\"elementor-column elementor-col-33 elementor-top-column elementor-element elementor-element-199450d elementor-sm-50\" data-id=\"199450d\" data-element_type=\"column\">\n\t\t\t<div class=\"elementor-widget-wrap elementor-element-populated\">\n\t\t\t\t\t\t\t\t<div class=\"elementor-element elementor-element-5fc4f35b elementor-widget elementor-widget-counter\" data-id=\"5fc4f35b\" data-element_type=\"widget\" data-widget_type=\"counter.default\">\n\t\t\t\t<div class=\"elementor-widget-container\">\n\t\t\t\t\t<div class=\"elementor-counter\">\n\t\t\t<div class=\"elementor-counter-number-wrapper\">\n\t\t\t\t<span class=\"elementor-counter-number-prefix\"><\/span>\n\t\t\t\t<span class=\"elementor-counter-number\" data-duration=\"1000\" data-to-value=\"2100\" data-from-value=\"\" data-delimiter=\".\"><\/span>\n\t\t\t\t<span class=\"elementor-counter-number-suffix\">+<\/span>\n\t\t\t<\/div>\n\t\t\t\t\t\t\t<div class=\"elementor-counter-title\">Zapojen\u00fdch samospr\u00e1v<\/div>\n\t\t\t\t\t<\/div>\n\t\t\t\t<\/div>\n\t\t\t\t<\/div>\n\t\t\t\t\t<\/div>\n\t\t<\/div>\n\t\t\t\t<div class=\"elementor-column elementor-col-33 elementor-top-column elementor-element elementor-element-7a5a601b elementor-sm-50\" data-id=\"7a5a601b\" data-element_type=\"column\">\n\t\t\t<div class=\"elementor-widget-wrap elementor-element-populated\">\n\t\t\t\t\t\t\t\t<div class=\"elementor-element elementor-element-61b639f9 elementor-widget elementor-widget-counter\" data-id=\"61b639f9\" data-element_type=\"widget\" data-widget_type=\"counter.default\">\n\t\t\t\t<div class=\"elementor-widget-container\">\n\t\t\t\t\t<div class=\"elementor-counter\">\n\t\t\t<div class=\"elementor-counter-number-wrapper\">\n\t\t\t\t<span class=\"elementor-counter-number-prefix\"><\/span>\n\t\t\t\t<span class=\"elementor-counter-number\" data-duration=\"2000\" data-to-value=\"650000\" data-from-value=\"\" data-delimiter=\".\"><\/span>\n\t\t\t\t<span class=\"elementor-counter-number-suffix\">+<\/span>\n\t\t\t<\/div>\n\t\t\t\t\t\t\t<div class=\"elementor-counter-title\">Registrovan\u00fdch ob\u010dan\u016f<\/div>\n\t\t\t\t\t<\/div>\n\t\t\t\t<\/div>\n\t\t\t\t<\/div>\n\t\t\t\t\t<\/div>\n\t\t<\/div>\n\t\t\t\t<div class=\"elementor-column elementor-col-33 elementor-top-column elementor-element elementor-element-5cab3d7f elementor-sm-50\" data-id=\"5cab3d7f\" data-element_type=\"column\">\n\t\t\t<div class=\"elementor-widget-wrap elementor-element-populated\">\n\t\t\t\t\t\t\t\t<div class=\"elementor-element elementor-element-492e68bc elementor-widget elementor-widget-counter\" data-id=\"492e68bc\" data-element_type=\"widget\" data-widget_type=\"counter.default\">\n\t\t\t\t<div class=\"elementor-widget-container\">\n\t\t\t\t\t<div class=\"elementor-counter\">\n\t\t\t<div class=\"elementor-counter-number-wrapper\">\n\t\t\t\t<span class=\"elementor-counter-number-prefix\"><\/span>\n\t\t\t\t<span class=\"elementor-counter-number\" data-duration=\"4000\" data-to-value=\"260000\" data-from-value=\"\" data-delimiter=\".\"><\/span>\n\t\t\t\t<span class=\"elementor-counter-number-suffix\">+<\/span>\n\t\t\t<\/div>\n\t\t\t\t\t\t\t<div class=\"elementor-counter-title\">Pochval od ob\u010dan\u016f<\/div>\n\t\t\t\t\t<\/div>\n\t\t\t\t<\/div>\n\t\t\t\t<\/div>\n\t\t\t\t\t<\/div>\n\t\t<\/div>\n\t\t\t\t\t\t\t<\/div>\n\t\t<\/section>\n\t\t\t\t\t\t<\/div>\n\t\t\t\t\t<\/div>\n\t\t","protected":false},"excerpt":{"rendered":"<p>Webin\u00e1\u0159 Mobiln\u00edho Rozhlasu T\u00e9ma: Mobiln\u00ed Rozhlas se m\u011bn\u00ed na MUNIPOLIS Term\u00edn: \u010ctvrtek 10. b\u0159ezna od 10:00\u00a0\u00a0 Pro p\u0159ihl\u00e1\u0161en\u00ed\u00a0 a bezplatnou \u00fa\u010dast vypl\u0148te n\u00e1sleduj\u00edc\u00ed \u00fadaje: + Zapojen\u00fdch samospr\u00e1v + Registrovan\u00fdch ob\u010dan\u016f + Pochval od ob\u010dan\u016f<\/p>\n","protected":false},"author":1,"featured_media":0,"parent":0,"menu_order":0,"comment_status":"closed","ping_status":"closed","template":"elementor_canvas","meta":[],"_links":{"self":[{"href":"https:\/\/webinar.mobilnirozhlas.cz\/index.php?rest_route=\/wp\/v2\/pages\/79"}],"collection":[{"href":"https:\/\/webinar.mobilnirozhlas.cz\/index.php?rest_route=\/wp\/v2\/pages"}],"about":[{"href":"https:\/\/webinar.mobilnirozhlas.cz\/index.php?rest_route=\/wp\/v2\/types\/page"}],"author":[{"embeddable":true,"href":"https:\/\/webinar.mobilnirozhlas.cz\/index.php?rest_route=\/wp\/v2\/users\/1"}],"replies":[{"embeddable":true,"href":"https:\/\/webinar.mobilnirozhlas.cz\/index.php?rest_route=%2Fwp%2Fv2%2Fcomments&post=79"}],"version-history":[{"count":62,"href":"https:\/\/webinar.mobilnirozhlas.cz\/index.php?rest_route=\/wp\/v2\/pages\/79\/revisions"}],"predecessor-version":[{"id":155,"href":"https:\/\/webinar.mobilnirozhlas.cz\/index.php?rest_route=\/wp\/v2\/pages\/79\/revisions\/155"}],"wp:attachment":[{"href":"https:\/\/webinar.mobilnirozhlas.cz\/index.php?rest_route=%2Fwp%2Fv2%2Fmedia&parent=79"}],"curies":[{"name":"wp","href":"https:\/\/api.w.org\/{rel}","templated":true}]}}